{"id":1754,"date":"2017-03-28T10:45:17","date_gmt":"2017-03-28T08:45:17","guid":{"rendered":"https:\/\/www.dr-rybak.com\/datenschutz\/"},"modified":"2021-03-16T12:38:01","modified_gmt":"2021-03-16T11:38:01","slug":"datenschutz","status":"publish","type":"page","link":"https:\/\/www.dr-rybak.com\/en\/datenschutz\/","title":{"rendered":"Datenschutz"},"content":{"rendered":"<section class=\"ffb-id-14vflhd1 fg-section fg-text-dark\"><div class=\"fg-container container fg-container-large fg-container-lvl--1 \"><div class=\"fg-row row    \" ><div class=\"ffb-id-14vflhd2 fg-col col-xs-12 col-md-12 fg-text-dark\"><h1 class=\"ffb-id-3m859t39 fg-heading text-center    fg-text-dark\">Datenschutz<\/h1><\/div><div class=\"ffb-id-14vflhd5 fg-col col-xs-12 col-md-6 fg-bg-is-clipped fg-text-dark\"><div class=\"fg-bg-clipped\"><div class=\"ffb-id-37jfcu47 fg-paragraph ff-richtext text-left    fg-text-dark\"><\/p>\n<p>Hier k&ouml;nnen Sie jederzeit Ihre Cookie einstellungen anpassen<\/p>\n<p><a href=\"#\" class=\"_brlbs-btn-cookie-preference borlabs-cookie-preference\">Cookie Einstellungen &auml;ndern<\/a><\/p>\n<p><strong><br \/>1. Name und Kontaktdaten des f&uuml;r die Verarbeitung Verantwortlichen sowie des betrieblichen Datenschutzbeauftragten<\/strong><\/p>\n<p>Diese Datenschutz-Information gilt f&uuml;r die Datenverarbeitung durch:<br \/>Verantwortlicher: rybak.zehender.wirtschaftskanzlei, Friedrich-Ebert-Wall 21, 37154 Northeim, Deutschland<br \/>E-Mail: info@rybak-zehender.de, Telefon: +49 5551 58941-20, Fax: +49 5551 58941-30<\/p>\n<p><strong>2. Erhebung und Speicherung personenbezogener Daten sowie Art und Zweck von deren Verwendung<\/strong><\/p>\n<p><strong>a) Beim Besuch der Website<\/strong><br \/>Beim Aufrufen unserer Website rybak-zehender.de werden durch den auf Ihrem Endger&auml;t zum Einsatz kommenden Browser automatisch Informationen an den Server unserer Website gesendet. Diese Informationen werden tempor&auml;r in einem sog. Logfile gespeichert. Folgende Informationen werden dabei ohne Ihr Zutun erfasst und bis zur automatisierten L&ouml;schung gespeichert:<\/p>\n<p>&bull; IP-Adresse des anfragenden Rechners,<br \/>&bull; Datum und Uhrzeit des Zugriffs,<br \/>&bull; Name und URL der abgerufenen Datei,<br \/>&bull; Website, von der aus der Zugriff erfolgt (Referrer-URL),<br \/>&bull; verwendeter Browser und ggf. das Betriebssystem Ihres Rechners sowie der Name Ihres Access-Providers.<\/p>\n<p>Die genannten Daten werden durch uns zu folgenden Zwecken verarbeitet:<\/p>\n<p>&bull; Gew&auml;hrleistung eines reibungslosen Verbindungsaufbaus der Website,<br \/>&bull; Gew&auml;hrleistung einer komfortablen Nutzung unserer Website,<br \/>&bull; Auswertung der Systemsicherheit und -stabilit&auml;t sowie<br \/>&bull; zu weiteren administrativen Zwecken.<\/p>\n<p>Die Rechtsgrundlage f&uuml;r die Datenverarbeitung ist Art. 6 Abs. 1 S. 1 lit. f DSGVO. Unser berechtigtes Interesse folgt aus oben aufgelisteten Zwecken zur Datenerhebung. In keinem Fall verwenden wir die erhobenen Daten zu dem Zweck, R&uuml;ckschl&uuml;sse auf Ihre Person zu ziehen.<\/p>\n<p>Dar&uuml;ber hinaus setzen wir beim Besuch unserer Website Cookies sowie Analysedienste ein. N&auml;here Erl&auml;uterungen dazu erhalten Sie unter den Ziff. 4 und 5 dieser Datenschutzerkl&auml;rung.<\/p>\n<p><strong>b) Bei Nutzung unseres Kontaktformulars<\/strong><br \/>Bei Fragen jeglicher Art bieten wir Ihnen die M&ouml;glichkeit, mit uns &uuml;ber ein auf der Website bereitgestelltes Formular Kontakt aufzunehmen. Dabei ist die Angabe einer g&uuml;ltigen E-Mail-Adresse erforderlich, damit wir wissen, von wem die Anfrage stammt und um diese beantworten zu k&ouml;nnen. Weitere Angaben k&ouml;nnen freiwillig get&auml;tigt werden.<br \/>Die Datenverarbeitung zum Zwecke der Kontaktaufnahme mit uns erfolgt nach Art. 6 Abs. 1 S. 1 lit. a DSGVO auf Grundlage Ihrer freiwillig erteilten Einwilligung.<\/p>\n<p>Die f&uuml;r die Benutzung des Kontaktformulars von uns erhobenen personenbezogenen Daten werden nach Erledigung der von Ihnen gestellten Anfrage automatisch gel&ouml;scht.<\/p>\n<p>&nbsp;<\/p>\n<p><strong>3. Weitergabe von Daten<\/strong><\/p>\n<p>Eine &Uuml;bermittlung Ihrer pers&ouml;nlichen Daten an Dritte zu anderen als den im Folgenden aufgef&uuml;hrten Zwecken findet nicht statt. Wir geben Ihre pers&ouml;nlichen Daten nur an Dritte weiter, wenn:<\/p>\n<p>&bull; Sie Ihre nach Art. 6 Abs. 1 S. 1 lit. a DSGVO ausdr&uuml;ckliche Einwilligung dazu erteilt haben,<br \/>&bull; die Weitergabe nach Art. 6 Abs. 1 S. 1 lit. f DSGVO zur Geltendmachung, Aus&uuml;bung oder Verteidigung von Rechtsanspr&uuml;chen erforderlich ist und kein Grund zur Annahme besteht, dass Sie ein &uuml;berwiegendes schutzw&uuml;rdiges Interesse an der Nichtweitergabe Ihrer Daten haben,<br \/>&bull; f&uuml;r den Fall, dass f&uuml;r die Weitergabe nach Art. 6 Abs. 1 S. 1 lit. c DSGVO eine gesetzliche Verpflichtung besteht, sowie<br \/>&bull; dies gesetzlich zul&auml;ssig und nach Art. 6 Abs. 1 S. 1 lit. b DSGVO f&uuml;r die Abwicklung von Vertragsverh&auml;ltnissen mit Ihnen erforderlich ist.<\/p>\n<p>&nbsp;<\/p>\n<p><strong>4. Cookies<\/strong><br \/>Wir setzen auf unserer Seite Cookies ein. Hierbei handelt es sich um kleine Dateien, die Ihr Browser automatisch erstellt und die auf Ihrem Endger&auml;t (Laptop, Tablet, Smartphone o.&auml;.) gespeichert werden, wenn Sie unsere Seite besuchen. Cookies richten auf Ihrem Endger&auml;t keinen Schaden an, enthalten keine Viren, Trojaner oder sonstige Schadsoftware. In dem Cookie werden Informationen abgelegt, die sich jeweils im Zusammenhang mit dem spezifisch eingesetzten Endger&auml;t ergeben. Dies bedeutet jedoch nicht, dass wir dadurch unmittelbar Kenntnis von Ihrer Identit&auml;t erhalten.<br \/>Der Einsatz von Cookies dient einerseits dazu, die Nutzung unseres Angebots f&uuml;r Sie angenehmer zu gestalten. So setzen wir sogenannte Session-Cookies ein, um zu erkennen, dass Sie einzelne Seiten unserer Website bereits besucht haben. Diese werden nach Verlassen unserer Seite automatisch gel&ouml;scht. Dar&uuml;ber hinaus setzen wir ebenfalls zur Optimierung der Benutzerfreundlichkeit tempor&auml;re Cookies ein, die f&uuml;r einen bestimmten festgelegten Zeitraum auf Ihrem Endger&auml;t gespeichert werden. Besuchen Sie unsere Seite erneut, um unsere Dienste in Anspruch zu nehmen, wird automatisch erkannt, dass Sie bereits bei uns waren und welche Eingaben und Einstellungen sie get&auml;tigt haben, um diese nicht noch einmal eingeben zu m&uuml;ssen. Zum anderen setzen wir Cookies ein, um die Nutzung unserer Website statistisch zu erfassen und zum Zwecke der Optimierung unseres Angebotes f&uuml;r Sie auszuwerten (siehe Ziff. 5). Diese Cookies erm&ouml;glichen es uns, bei einem erneuten Besuch unserer Seite automatisch zu erkennen, dass Sie bereits bei uns waren. Diese Cookies werden nach einer jeweils definierten Zeit automatisch gel&ouml;scht.<\/p>\n<p>Die durch Cookies verarbeiteten Daten sind f&uuml;r die genannten Zwecke zur Wahrung unserer berechtigten Interessen sowie der Dritter nach Art. 6 Abs. 1 S. 1 lit. f DSGVO erforderlich.<\/p>\n<p>Die meisten Browser akzeptieren Cookies automatisch. Sie k&ouml;nnen Ihren Browser jedoch so konfigurieren, dass keine Cookies auf Ihrem Computer gespeichert werden oder stets ein Hinweis erscheint, bevor ein neuer Cookie angelegt wird. Die vollst&auml;ndige Deaktivierung von Cookies kann jedoch dazu f&uuml;hren, dass Sie nicht alle Funktionen unserer Website nutzen k&ouml;nnen.<\/p>\n<p>&nbsp;<\/p>\n<p><\/div><\/div><\/div><div class=\"ffb-id-14vflhda fg-col col-xs-12 col-md-6 fg-text-dark\"><div class=\"ffb-id-14vflhd8 fg-paragraph ff-richtext text-left    fg-text-dark\"><\/p>\n<p><b>5. Analyse-Tools<\/p>\n<p><\/b><b><\/b><b>Tracking-Tools<br \/><\/b>Die im Folgenden aufgef\u00fchrten und von uns eingesetzten Tracking-Ma\u00dfnahmen werden auf Grundlage des Art. 6 Abs. 1 S. 1 lit. f DSGVO durchgef\u00fchrt. Mit den zum Einsatz kommenden Tracking-Ma\u00dfnahmen wollen wir eine bedarfsgerechte Gestaltung und die fortlaufende Optimierung unserer Webseite sicherstellen. Zum anderen setzen wir die Tracking-Ma\u00dfnahmen ein, um die Nutzung unserer Webseite statistisch zu erfassen und zum Zwecke der Optimierung unseres Angebotes f\u00fcr Sie auszuwerten. Diese Interessen sind als berechtigt im Sinne der vorgenannten Vorschrift anzusehen.<\/p>\n<p>Die jeweiligen Datenverarbeitungszwecke und Datenkategorien sind aus den entsprechenden Tracking-Tools zu entnehmen.<\/p>\n<p><b>&nbsp;<\/b><\/p>\n<p><b>i) Google Analytics<\/b><br \/>Zum Zwecke der bedarfsgerechten Gestaltung und fortlaufenden Optimierung unserer Seiten nutzen wir Google Analytics, ein Webanalysedienst der Google Inc. https:\/\/www.google.de\/intl\/de\/about\/) (1600 Amphitheatre Parkway, Mountain View, CA 94043, USA; im Folgenden \u201eGoogle\u201c). In diesem Zusammenhang werden pseudonymisierte Nutzungsprofile erstellt und Cookies (siehe unter Ziff. 4) verwendet. Die durch den Cookie erzeugten Informationen \u00fcber Ihre Benutzung dieser Website wie<\/p>\n<p>\u2022&nbsp; &nbsp;Browser-Typ\/-Version,<\/p>\n<p>\u2022&nbsp; &nbsp;verwendetes Betriebssystem,<\/p>\n<p>\u2022&nbsp; &nbsp;Referrer-URL (die zuvor besuchte Seite),<\/p>\n<p>\u2022&nbsp; &nbsp;Hostname des zugreifenden Rechners (IP-Adresse),<\/p>\n<p>\u2022&nbsp; &nbsp;Uhrzeit der Serveranfrage,<b><\/b><\/p>\n<p>werden an einen Server von Google in den USA \u00fcbertragen und dort gespeichert. Die Informationen werden verwendet, um die Nutzung der Website auszuwerten, um Reports \u00fcber die Websiteaktivit\u00e4ten zusammenzustellen und um weitere mit der Websitenutzung und der Internetnutzung verbundene Dienstleistungen zu Zwecken der Marktforschung und bedarfsgerechten Gestaltung dieser Internetseiten zu erbringen. Auch werden diese Informationen gegebenenfalls an Dritte \u00fcbertragen, sofern dies gesetzlich vorgeschrieben ist oder soweit Dritte diese Daten im Auftrag verarbeiten. Es wird in keinem Fall Ihre IP-Adresse mit anderen Daten von Google zusammengef\u00fchrt. Die IP-Adressen werden anonymisiert, so dass eine Zuordnung nicht m\u00f6glich ist (IP-Masking).<b><\/b><\/p>\n<p>Sie k\u00f6nnen die Installation der Cookies durch eine entsprechende Einstellung der Browser-Software verhindern; wir weisen jedoch darauf hin, dass in diesem Fall gegebenenfalls nicht s\u00e4mtliche Funktionen dieser Website vollumf\u00e4nglich genutzt werden k\u00f6nnen.<b><\/b><\/p>\n<p>Sie k\u00f6nnen dar\u00fcber hinaus die Erfassung der durch das Cookie erzeugten und auf Ihre Nutzung der Website bezogenen Daten (inkl. Ihrer IP-Adresse) sowie die Verarbeitung dieser Daten durch Google verhindern, indem Sie ein Browser-Add-on herunterladen und installieren (http:\/\/tools.google.com\/dlpage\/gaoptout?hl=de).<\/p>\n<p>Alternativ zum Browser-Add-on, insbesondere bei Browsern auf mobilen Endger\u00e4ten, k\u00f6nnen Sie die Erfassung durch Google Analytics zudem verhindern, indem Sie auf diesen Link klicken. Es wird ein Opt-out-Cookie gesetzt, das die zuk\u00fcnftige Erfassung Ihrer Daten beim Besuch dieser Website verhindert. Der Opt-out-Cookie gilt nur in diesem Browser und nur f\u00fcr unsere Website und wird auf Ihrem Ger\u00e4t abgelegt. L\u00f6schen Sie die Cookies in diesem Browser, m\u00fcssen Sie das Opt-out-Cookie erneut setzen.<b><\/b><\/p>\n<p>Weitere Informationen zum Datenschutz im Zusammenhang mit Google Analytics finden Sie etwa in der Google Analytics-Hilfe (https:\/\/support.google.com\/analytics#topic=3544906).<\/p>\n<p>&nbsp;<\/p>\n<p><strong>6. Betroffenenrechte<\/p>\n<p><\/strong><strong>Sie haben das Recht:<\/strong><br \/>\u2022&nbsp;gem\u00e4\u00df Art. 15 DSGVO Auskunft \u00fcber Ihre von uns verarbeiteten personenbezogenen Daten zu verlangen. Insbesondere k\u00f6nnen Sie Auskunft \u00fcber die Verarbeitungszwecke, die Kategorie der personenbezogenen Daten, die Kategorien von Empf\u00e4ngern, gegen\u00fcber denen Ihre Daten offengelegt wurden oder werden, die geplante Speicherdauer, das Bestehen eines Rechts auf Berichtigung, L\u00f6schung, Einschr\u00e4nkung der Verarbeitung oder Widerspruch, das Bestehen eines Beschwerderechts, die Herkunft ihrer Daten, sofern diese nicht bei uns erhoben wurden, sowie \u00fcber das Bestehen einer automatisierten Entscheidungsfindung einschlie\u00dflich Profiling und ggf. aussagekr\u00e4ftigen Informationen zu deren Einzelheiten verlangen;<br \/>\u2022&nbsp;gem\u00e4\u00df Art. 16 DSGVO unverz\u00fcglich die Berichtigung unrichtiger oder Vervollst\u00e4ndigung Ihrer bei uns gespeicherten personenbezogenen Daten zu verlangen;<br \/>\u2022&nbsp;gem\u00e4\u00df Art. 17 DSGVO die L\u00f6schung Ihrer bei uns gespeicherten personenbezogenen Daten zu verlangen, soweit nicht die Verarbeitung zur Aus\u00fcbung des Rechts auf freie Meinungs\u00e4u\u00dferung und Information, zur Erf\u00fcllung einer rechtlichen Verpflichtung, aus Gr\u00fcnden des \u00f6ffentlichen Interesses oder zur Geltendmachung, Aus\u00fcbung oder Verteidigung von Rechtsanspr\u00fcchen erforderlich ist;<br \/>\u2022&nbsp;gem\u00e4\u00df Art. 18 DSGVO die Einschr\u00e4nkung der Verarbeitung Ihrer personenbezogenen Daten zu verlangen, soweit die Richtigkeit der Daten von Ihnen bestritten wird, die Verarbeitung unrechtm\u00e4\u00dfig ist, Sie aber deren L\u00f6schung ablehnen und wir die Daten nicht mehr ben\u00f6tigen, Sie jedoch diese zur Geltendmachung, Aus\u00fcbung oder Verteidigung von Rechtsanspr\u00fcchen ben\u00f6tigen oder Sie gem\u00e4\u00df Art. 21 DSGVO Widerspruch gegen die Verarbeitung eingelegt haben;<br \/>\u2022&nbsp;gem\u00e4\u00df Art. 20 DSGVO Ihre personenbezogenen Daten, die Sie uns bereitgestellt haben, in einem strukturierten, g\u00e4ngigen und maschinenlesbaren Format zu erhalten oder die \u00dcbermittlung an einen anderen Verantwortlichen zu verlangen;<br \/>\u2022&nbsp;gem\u00e4\u00df Art. 7 Abs. 3 DSGVO Ihre einmal erteilte Einwilligung jederzeit gegen\u00fcber uns zu widerrufen. Dies hat zur Folge, dass wir die Datenverarbeitung, die auf dieser Einwilligung beruhte, f\u00fcr die Zukunft nicht mehr fortf\u00fchren d\u00fcrfen und<br \/>\u2022&nbsp;gem\u00e4\u00df Art. 77 DSGVO sich bei einer Aufsichtsbeh\u00f6rde zu beschweren. In der Regel k\u00f6nnen Sie sich hierf\u00fcr an die Aufsichtsbeh\u00f6rde Ihres \u00fcblichen Aufenthaltsortes oder Arbeitsplatzes oder unseres Kanzleisitzes wenden.<\/p>\n<p>&nbsp;<br \/><strong>7. Widerspruchsrecht<br \/><\/strong><br \/>Sofern Ihre personenbezogenen Daten auf Grundlage von berechtigten Interessen gem\u00e4\u00df Art. 6 Abs. 1 S. 1 lit. f DSGVO verarbeitet werden, haben Sie das Recht, gem\u00e4\u00df Art. 21 DSGVO Widerspruch gegen die Verarbeitung Ihrer personenbezogenen Daten einzulegen, soweit daf\u00fcr Gr\u00fcnde vorliegen, die sich aus Ihrer besonderen Situation ergeben oder sich der Widerspruch gegen Direktwerbung richtet. Im letzteren Fall haben Sie ein generelles Widerspruchsrecht, das ohne Angabe einer besonderen Situation von uns umgesetzt wird.<\/p>\n<p>M\u00f6chten Sie von Ihrem Widerrufs- oder Widerspruchsrecht Gebrauch machen, gen\u00fcgt eine E-Mail an <a href=\"mailto:info@dr-rybak.com\">info@dr-rybak.com<\/a>.<\/p>\n<p>&nbsp;<br \/><strong>8. Datensicherheit<\/strong><\/p>\n<p>Wir verwenden innerhalb des Website-Besuchs das verbreitete SSL-Verfahren (Secure Socket Layer) in Verbindung mit der jeweils h\u00f6chsten Verschl\u00fcsselungsstufe, die von Ihrem Browser unterst\u00fctzt wird. In der Regel handelt es sich dabei um eine 256 Bit Verschl\u00fcsselung. Falls Ihr Browser keine 256-Bit Verschl\u00fcsselung unterst\u00fctzt, greifen wir stattdessen auf 128-Bit v3 Technologie zur\u00fcck. Ob eine einzelne Seite unseres Internetauftrittes verschl\u00fcsselt \u00fcbertragen wird, erkennen Sie an der geschlossenen Darstellung des Sch\u00fcssel- beziehungsweise Schloss-Symbols in der unteren Statusleiste Ihres Browsers.<\/p>\n<p>Wir bedienen uns im \u00dcbrigen geeigneter technischer und organisatorischer Sicherheitsma\u00dfnahmen, um Ihre Daten gegen zuf\u00e4llige oder vors\u00e4tzliche Manipulationen, teilweisen oder vollst\u00e4ndigen Verlust, Zerst\u00f6rung oder gegen den unbefugten Zugriff Dritter zu sch\u00fctzen. Unsere Sicherheitsma\u00dfnahmen werden entsprechend der technologischen Entwicklung fortlaufend verbessert.<\/p>\n<p>&nbsp;<br \/><strong>9. Aktualit\u00e4t und \u00c4nderung dieser Datenschutzerkl\u00e4rung<\/strong><\/p>\n<p>Diese Datenschutzerkl\u00e4rung ist aktuell g\u00fcltig und hat den Stand Juli 2019.<br \/>Durch die Weiterentwicklung unserer Website und Angebote dar\u00fcber oder aufgrund ge\u00e4nderter gesetzlicher beziehungsweise beh\u00f6rdlicher Vorgaben kann es notwendig werden, diese Datenschutzerkl\u00e4rung zu \u00e4ndern. Die jeweils aktuelle Datenschutzerkl\u00e4rung kann jederzeit auf der Website unter http:\/\/www.dr-rybak.com\/datenschutz von Ihnen abgerufen und ausgedruckt werden.<\/p>\n<p>&nbsp;<\/p>\n<p>&nbsp;<\/p>\n<p><\/div><\/div><\/div><\/div><\/section><style>.ffb-id-14vflhd1{ padding-top: 90px;padding-bottom: 90px;}.ffb-id-3m859t39{ margin-bottom: 15px;}<\/style><script type=\"text\/javascript\"><\/script>\n","protected":false},"excerpt":{"rendered":"","protected":false},"author":1,"featured_media":0,"parent":0,"menu_order":0,"comment_status":"closed","ping_status":"closed","template":"","meta":[],"acf":[],"yoast_head":"<!-- This site is optimized with the Yoast SEO plugin v19.11 - https:\/\/yoast.com\/wordpress\/plugins\/seo\/ -->\n<title>Datenschutz - Dr Rybak Sports Law<\/title>\n<meta name=\"robots\" content=\"index, follow, max-snippet:-1, max-image-preview:large, max-video-preview:-1\" \/>\n<link rel=\"canonical\" href=\"https:\/\/www.dr-rybak.com\/en\/datenschutz\/\" \/>\n<meta property=\"og:locale\" content=\"en_US\" \/>\n<meta property=\"og:type\" content=\"article\" \/>\n<meta property=\"og:title\" content=\"Datenschutz - Dr Rybak Sports Law\" \/>\n<meta property=\"og:url\" content=\"https:\/\/www.dr-rybak.com\/en\/datenschutz\/\" \/>\n<meta property=\"og:site_name\" content=\"Dr Rybak Sports Law\" \/>\n<meta property=\"article:modified_time\" content=\"2021-03-16T11:38:01+00:00\" \/>\n<meta name=\"twitter:card\" content=\"summary_large_image\" \/>\n<meta name=\"twitter:label1\" content=\"Est. reading time\" \/>\n\t<meta name=\"twitter:data1\" content=\"9 minutes\" \/>\n<script type=\"application\/ld+json\" class=\"yoast-schema-graph\">{\"@context\":\"https:\/\/schema.org\",\"@graph\":[{\"@type\":\"WebPage\",\"@id\":\"https:\/\/www.dr-rybak.com\/en\/datenschutz\/\",\"url\":\"https:\/\/www.dr-rybak.com\/en\/datenschutz\/\",\"name\":\"Datenschutz - Dr Rybak Sports Law\",\"isPartOf\":{\"@id\":\"https:\/\/www.dr-rybak.com\/en\/#website\"},\"datePublished\":\"2017-03-28T08:45:17+00:00\",\"dateModified\":\"2021-03-16T11:38:01+00:00\",\"breadcrumb\":{\"@id\":\"https:\/\/www.dr-rybak.com\/en\/datenschutz\/#breadcrumb\"},\"inLanguage\":\"en-US\",\"potentialAction\":[{\"@type\":\"ReadAction\",\"target\":[\"https:\/\/www.dr-rybak.com\/en\/datenschutz\/\"]}]},{\"@type\":\"BreadcrumbList\",\"@id\":\"https:\/\/www.dr-rybak.com\/en\/datenschutz\/#breadcrumb\",\"itemListElement\":[{\"@type\":\"ListItem\",\"position\":1,\"name\":\"Welcome page\",\"item\":\"https:\/\/www.dr-rybak.com\/en\/\"},{\"@type\":\"ListItem\",\"position\":2,\"name\":\"Datenschutz\"}]},{\"@type\":\"WebSite\",\"@id\":\"https:\/\/www.dr-rybak.com\/en\/#website\",\"url\":\"https:\/\/www.dr-rybak.com\/en\/\",\"name\":\"Dr Rybak Sports Law\",\"description\":\"Dr Rybak - your specialist lawyer for sports law\",\"potentialAction\":[{\"@type\":\"SearchAction\",\"target\":{\"@type\":\"EntryPoint\",\"urlTemplate\":\"https:\/\/www.dr-rybak.com\/en\/?s={search_term_string}\"},\"query-input\":\"required name=search_term_string\"}],\"inLanguage\":\"en-US\"}]}<\/script>\n<!-- \/ Yoast SEO plugin. -->","yoast_head_json":{"title":"Datenschutz - Dr Rybak Sports Law","robots":{"index":"index","follow":"follow","max-snippet":"max-snippet:-1","max-image-preview":"max-image-preview:large","max-video-preview":"max-video-preview:-1"},"canonical":"https:\/\/www.dr-rybak.com\/en\/datenschutz\/","og_locale":"en_US","og_type":"article","og_title":"Datenschutz - Dr Rybak Sports Law","og_url":"https:\/\/www.dr-rybak.com\/en\/datenschutz\/","og_site_name":"Dr Rybak Sports Law","article_modified_time":"2021-03-16T11:38:01+00:00","twitter_card":"summary_large_image","twitter_misc":{"Est. reading time":"9 minutes"},"schema":{"@context":"https:\/\/schema.org","@graph":[{"@type":"WebPage","@id":"https:\/\/www.dr-rybak.com\/en\/datenschutz\/","url":"https:\/\/www.dr-rybak.com\/en\/datenschutz\/","name":"Datenschutz - Dr Rybak Sports Law","isPartOf":{"@id":"https:\/\/www.dr-rybak.com\/en\/#website"},"datePublished":"2017-03-28T08:45:17+00:00","dateModified":"2021-03-16T11:38:01+00:00","breadcrumb":{"@id":"https:\/\/www.dr-rybak.com\/en\/datenschutz\/#breadcrumb"},"inLanguage":"en-US","potentialAction":[{"@type":"ReadAction","target":["https:\/\/www.dr-rybak.com\/en\/datenschutz\/"]}]},{"@type":"BreadcrumbList","@id":"https:\/\/www.dr-rybak.com\/en\/datenschutz\/#breadcrumb","itemListElement":[{"@type":"ListItem","position":1,"name":"Welcome page","item":"https:\/\/www.dr-rybak.com\/en\/"},{"@type":"ListItem","position":2,"name":"Datenschutz"}]},{"@type":"WebSite","@id":"https:\/\/www.dr-rybak.com\/en\/#website","url":"https:\/\/www.dr-rybak.com\/en\/","name":"Dr Rybak Sports Law","description":"Dr Rybak - your specialist lawyer for sports law","potentialAction":[{"@type":"SearchAction","target":{"@type":"EntryPoint","urlTemplate":"https:\/\/www.dr-rybak.com\/en\/?s={search_term_string}"},"query-input":"required name=search_term_string"}],"inLanguage":"en-US"}]}},"_links":{"self":[{"href":"https:\/\/www.dr-rybak.com\/en\/wp-json\/wp\/v2\/pages\/1754"}],"collection":[{"href":"https:\/\/www.dr-rybak.com\/en\/wp-json\/wp\/v2\/pages"}],"about":[{"href":"https:\/\/www.dr-rybak.com\/en\/wp-json\/wp\/v2\/types\/page"}],"author":[{"embeddable":true,"href":"https:\/\/www.dr-rybak.com\/en\/wp-json\/wp\/v2\/users\/1"}],"replies":[{"embeddable":true,"href":"https:\/\/www.dr-rybak.com\/en\/wp-json\/wp\/v2\/comments?post=1754"}],"version-history":[{"count":4,"href":"https:\/\/www.dr-rybak.com\/en\/wp-json\/wp\/v2\/pages\/1754\/revisions"}],"predecessor-version":[{"id":1858,"href":"https:\/\/www.dr-rybak.com\/en\/wp-json\/wp\/v2\/pages\/1754\/revisions\/1858"}],"wp:attachment":[{"href":"https:\/\/www.dr-rybak.com\/en\/wp-json\/wp\/v2\/media?parent=1754"}],"curies":[{"name":"wp","href":"https:\/\/api.w.org\/{rel}","templated":true}]}}